{"id":9,"date":"2017-05-25T19:20:12","date_gmt":"2017-05-25T19:20:12","guid":{"rendered":"http:\/\/centrodeextension.uc.cl\/?page_id=9"},"modified":"2023-01-19T10:13:14","modified_gmt":"2023-01-19T14:13:14","slug":"arriendos-para-ferias-empresas","status":"publish","type":"page","link":"https:\/\/centrodeextension.uc.cl\/en\/arriendos-para-ferias-empresas\/","title":{"rendered":"Spaces for companies in fairs"},"content":{"rendered":"<p><strong><img loading=\"lazy\" decoding=\"async\" class=\"size-medium wp-image-524 alignright\" src=\"http:\/\/centrodeextension.uc.cl\/wp-content\/uploads\/2017\/05\/FOTO-FERIA-3-555x416.jpg\" alt=\"\" width=\"555\" height=\"416\">Why you should do or participate in a fair with us?<br \/>\n<\/strong><\/p>\n<p>Fairs are excellent opportunities to promote and consolidate your brand, show your products and interact with potential customers, competitors and new business contacts. Fairs also provide the possibility of making better decisions \u2013 whatever the role of the participant in the event \u2013 after knowing the trends, seeing the highest qualitystandards worldwide, sharing information and points of view.<\/p>\n<p>The fairs held at the UC Extension Center seek to generate specialized meeting points and have the support of an institution with extensive experience and prestige, such as Pontificia Universidad Cat\u00f3lica de Chile. Precisely for that reason, the subjects exhibited are usually related to some of the many aspects and contents developed in the UC, and associated to exhibitors of character and high value in their specific areas or industries.<\/p>\n<p>On the other hand, in addition to a privileged location \u2013 with easy access and transport \u2013 our fairs are leaders because they have the special characteristic of having a captive target audience that includes academics, high-end professionals and students.<\/p>","protected":false},"excerpt":{"rendered":"<p>Why you should do or participate in a fair with us? Fairs are excellent opportunities to promote and consolidate your brand, show your products and interact with potential customers, competitors and new business contacts. Fairs also provide the possibility of making better decisions \u2013 whatever the role of the participant in the event \u2013 after [&hellip;]<\/p>\n","protected":false},"author":1,"featured_media":0,"parent":0,"menu_order":9,"comment_status":"closed","ping_status":"closed","template":"","meta":{"footnotes":""},"yoast_head":"<!-- This site is optimized with the Yoast SEO plugin v22.1 - https:\/\/yoast.com\/wordpress\/plugins\/seo\/ -->\n<title>Arriendos para Ferias de Empresas | Centros de Extensi\u00f3n UC<\/title>\n<meta name=\"description\" content=\"Contamos con espacios ideales para la realizaci\u00f3n de ferias de empresas en nuestros Centros de Extensi\u00f3n con f\u00e1cil acceso a transporte.\" \/>\n<meta name=\"robots\" content=\"index, follow, max-snippet:-1, max-image-preview:large, max-video-preview:-1\" \/>\n<link rel=\"canonical\" href=\"https:\/\/centrodeextension.uc.cl\/arriendos-para-ferias-empresas\/\" \/>\n<meta property=\"og:locale\" content=\"en_US\" \/>\n<meta property=\"og:type\" content=\"article\" \/>\n<meta property=\"og:title\" content=\"Arriendos para Ferias de Empresas | Centros de Extensi\u00f3n UC\" \/>\n<meta property=\"og:description\" content=\"Contamos con espacios ideales para la realizaci\u00f3n de ferias de empresas en nuestros Centros de Extensi\u00f3n con f\u00e1cil acceso a transporte.\" \/>\n<meta property=\"og:url\" content=\"https:\/\/centrodeextension.uc.cl\/arriendos-para-ferias-empresas\/\" \/>\n<meta property=\"og:site_name\" content=\"Centros de Extensi\u00f3n UC, un espacio para cada encuentro\" \/>\n<meta property=\"article:publisher\" content=\"https:\/\/www.facebook.com\/centrodeextensionuc\/\" \/>\n<meta property=\"article:modified_time\" content=\"2023-01-19T14:13:14+00:00\" \/>\n<meta property=\"og:image\" content=\"http:\/\/centrodeextension.uc.cl\/wp-content\/uploads\/2017\/05\/FOTO-FERIA-3-555x416.jpg\" \/>\n<meta name=\"twitter:card\" content=\"summary_large_image\" \/>\n<meta name=\"twitter:label1\" content=\"Est. reading time\" \/>\n\t<meta name=\"twitter:data1\" content=\"2 minutes\" \/>\n<script type=\"application\/ld+json\" class=\"yoast-schema-graph\">{\"@context\":\"https:\/\/schema.org\",\"@graph\":[{\"@type\":\"WebPage\",\"@id\":\"https:\/\/centrodeextension.uc.cl\/arriendos-para-ferias-empresas\/\",\"url\":\"https:\/\/centrodeextension.uc.cl\/arriendos-para-ferias-empresas\/\",\"name\":\"Arriendos para Ferias de Empresas | Centros de Extensi\u00f3n UC\",\"isPartOf\":{\"@id\":\"https:\/\/centrodeextension.uc.cl\/#website\"},\"datePublished\":\"2017-05-25T19:20:12+00:00\",\"dateModified\":\"2023-01-19T14:13:14+00:00\",\"description\":\"Contamos con espacios ideales para la realizaci\u00f3n de ferias de empresas en nuestros Centros de Extensi\u00f3n con f\u00e1cil acceso a transporte.\",\"breadcrumb\":{\"@id\":\"https:\/\/centrodeextension.uc.cl\/arriendos-para-ferias-empresas\/#breadcrumb\"},\"inLanguage\":\"en-US\",\"potentialAction\":[{\"@type\":\"ReadAction\",\"target\":[\"https:\/\/centrodeextension.uc.cl\/arriendos-para-ferias-empresas\/\"]}]},{\"@type\":\"BreadcrumbList\",\"@id\":\"https:\/\/centrodeextension.uc.cl\/arriendos-para-ferias-empresas\/#breadcrumb\",\"itemListElement\":[{\"@type\":\"ListItem\",\"position\":1,\"name\":\"Portada\",\"item\":\"https:\/\/centrodeextension.uc.cl\/\"},{\"@type\":\"ListItem\",\"position\":2,\"name\":\"Espacios para empresas en ferias\"}]},{\"@type\":\"WebSite\",\"@id\":\"https:\/\/centrodeextension.uc.cl\/#website\",\"url\":\"https:\/\/centrodeextension.uc.cl\/\",\"name\":\"Centros de Extensi\u00f3n UC, un espacio para cada encuentro\",\"description\":\"\",\"publisher\":{\"@id\":\"https:\/\/centrodeextension.uc.cl\/#organization\"},\"alternateName\":\"Centros de Extensi\u00f3n UC\",\"potentialAction\":[{\"@type\":\"SearchAction\",\"target\":{\"@type\":\"EntryPoint\",\"urlTemplate\":\"https:\/\/centrodeextension.uc.cl\/?s={search_term_string}\"},\"query-input\":\"required name=search_term_string\"}],\"inLanguage\":\"en-US\"},{\"@type\":\"Organization\",\"@id\":\"https:\/\/centrodeextension.uc.cl\/#organization\",\"name\":\"Pontificia Universidad Cat\u00f3lica de Chile\",\"url\":\"https:\/\/centrodeextension.uc.cl\/\",\"logo\":{\"@type\":\"ImageObject\",\"inLanguage\":\"en-US\",\"@id\":\"https:\/\/centrodeextension.uc.cl\/#\/schema\/logo\/image\/\",\"url\":\"https:\/\/centrodeextension.uc.cl\/wp-content\/uploads\/2023\/01\/logo_UC.jpg\",\"contentUrl\":\"https:\/\/centrodeextension.uc.cl\/wp-content\/uploads\/2023\/01\/logo_UC.jpg\",\"width\":390,\"height\":204,\"caption\":\"Pontificia Universidad Cat\u00f3lica de Chile\"},\"image\":{\"@id\":\"https:\/\/centrodeextension.uc.cl\/#\/schema\/logo\/image\/\"},\"sameAs\":[\"https:\/\/www.facebook.com\/centrodeextensionuc\/\"]}]}<\/script>\n<!-- \/ Yoast SEO plugin. -->","yoast_head_json":{"title":"Arriendos para Ferias de Empresas | Centros de Extensi\u00f3n UC","description":"Contamos con espacios ideales para la realizaci\u00f3n de ferias de empresas en nuestros Centros de Extensi\u00f3n con f\u00e1cil acceso a transporte.","robots":{"index":"index","follow":"follow","max-snippet":"max-snippet:-1","max-image-preview":"max-image-preview:large","max-video-preview":"max-video-preview:-1"},"canonical":"https:\/\/centrodeextension.uc.cl\/arriendos-para-ferias-empresas\/","og_locale":"en_US","og_type":"article","og_title":"Arriendos para Ferias de Empresas | Centros de Extensi\u00f3n UC","og_description":"Contamos con espacios ideales para la realizaci\u00f3n de ferias de empresas en nuestros Centros de Extensi\u00f3n con f\u00e1cil acceso a transporte.","og_url":"https:\/\/centrodeextension.uc.cl\/arriendos-para-ferias-empresas\/","og_site_name":"Centros de Extensi\u00f3n UC, un espacio para cada encuentro","article_publisher":"https:\/\/www.facebook.com\/centrodeextensionuc\/","article_modified_time":"2023-01-19T14:13:14+00:00","og_image":[{"url":"http:\/\/centrodeextension.uc.cl\/wp-content\/uploads\/2017\/05\/FOTO-FERIA-3-555x416.jpg"}],"twitter_card":"summary_large_image","twitter_misc":{"Est. reading time":"2 minutes"},"schema":{"@context":"https:\/\/schema.org","@graph":[{"@type":"WebPage","@id":"https:\/\/centrodeextension.uc.cl\/arriendos-para-ferias-empresas\/","url":"https:\/\/centrodeextension.uc.cl\/arriendos-para-ferias-empresas\/","name":"Arriendos para Ferias de Empresas | Centros de Extensi\u00f3n UC","isPartOf":{"@id":"https:\/\/centrodeextension.uc.cl\/#website"},"datePublished":"2017-05-25T19:20:12+00:00","dateModified":"2023-01-19T14:13:14+00:00","description":"Contamos con espacios ideales para la realizaci\u00f3n de ferias de empresas en nuestros Centros de Extensi\u00f3n con f\u00e1cil acceso a transporte.","breadcrumb":{"@id":"https:\/\/centrodeextension.uc.cl\/arriendos-para-ferias-empresas\/#breadcrumb"},"inLanguage":"en-US","potentialAction":[{"@type":"ReadAction","target":["https:\/\/centrodeextension.uc.cl\/arriendos-para-ferias-empresas\/"]}]},{"@type":"BreadcrumbList","@id":"https:\/\/centrodeextension.uc.cl\/arriendos-para-ferias-empresas\/#breadcrumb","itemListElement":[{"@type":"ListItem","position":1,"name":"Portada","item":"https:\/\/centrodeextension.uc.cl\/"},{"@type":"ListItem","position":2,"name":"Espacios para empresas en ferias"}]},{"@type":"WebSite","@id":"https:\/\/centrodeextension.uc.cl\/#website","url":"https:\/\/centrodeextension.uc.cl\/","name":"Centros de Extensi\u00f3n UC, un espacio para cada encuentro","description":"","publisher":{"@id":"https:\/\/centrodeextension.uc.cl\/#organization"},"alternateName":"Centros de Extensi\u00f3n UC","potentialAction":[{"@type":"SearchAction","target":{"@type":"EntryPoint","urlTemplate":"https:\/\/centrodeextension.uc.cl\/?s={search_term_string}"},"query-input":"required name=search_term_string"}],"inLanguage":"en-US"},{"@type":"Organization","@id":"https:\/\/centrodeextension.uc.cl\/#organization","name":"Pontificia Universidad Cat\u00f3lica de Chile","url":"https:\/\/centrodeextension.uc.cl\/","logo":{"@type":"ImageObject","inLanguage":"en-US","@id":"https:\/\/centrodeextension.uc.cl\/#\/schema\/logo\/image\/","url":"https:\/\/centrodeextension.uc.cl\/wp-content\/uploads\/2023\/01\/logo_UC.jpg","contentUrl":"https:\/\/centrodeextension.uc.cl\/wp-content\/uploads\/2023\/01\/logo_UC.jpg","width":390,"height":204,"caption":"Pontificia Universidad Cat\u00f3lica de Chile"},"image":{"@id":"https:\/\/centrodeextension.uc.cl\/#\/schema\/logo\/image\/"},"sameAs":["https:\/\/www.facebook.com\/centrodeextensionuc\/"]}]}},"_links":{"self":[{"href":"https:\/\/centrodeextension.uc.cl\/en\/wp-json\/wp\/v2\/pages\/9"}],"collection":[{"href":"https:\/\/centrodeextension.uc.cl\/en\/wp-json\/wp\/v2\/pages"}],"about":[{"href":"https:\/\/centrodeextension.uc.cl\/en\/wp-json\/wp\/v2\/types\/page"}],"author":[{"embeddable":true,"href":"https:\/\/centrodeextension.uc.cl\/en\/wp-json\/wp\/v2\/users\/1"}],"replies":[{"embeddable":true,"href":"https:\/\/centrodeextension.uc.cl\/en\/wp-json\/wp\/v2\/comments?post=9"}],"version-history":[{"count":35,"href":"https:\/\/centrodeextension.uc.cl\/en\/wp-json\/wp\/v2\/pages\/9\/revisions"}],"predecessor-version":[{"id":1173,"href":"https:\/\/centrodeextension.uc.cl\/en\/wp-json\/wp\/v2\/pages\/9\/revisions\/1173"}],"wp:attachment":[{"href":"https:\/\/centrodeextension.uc.cl\/en\/wp-json\/wp\/v2\/media?parent=9"}],"curies":[{"name":"wp","href":"https:\/\/api.w.org\/{rel}","templated":true}]}}