{"id":23,"date":"2017-05-25T19:24:07","date_gmt":"2017-05-25T19:24:07","guid":{"rendered":"http:\/\/centrodeextension.uc.cl\/?page_id=23"},"modified":"2023-01-18T14:53:49","modified_gmt":"2023-01-18T18:53:49","slug":"contacto","status":"publish","type":"page","link":"https:\/\/centrodeextension.uc.cl\/en\/contacto\/","title":{"rendered":"Contact us"},"content":{"rendered":"<p><\/p>\n<h4>Write to us and we will contact you promptly<\/h4>\n<p>\n<div class=\"wpcf7 no-js\" id=\"wpcf7-f27-o2\" lang=\"es-ES\" dir=\"ltr\">\n<div class=\"screen-reader-response\"><p role=\"status\" aria-live=\"polite\" aria-atomic=\"true\"><\/p> <ul><\/ul><\/div>\n<form action=\"\/en\/wp-json\/wp\/v2\/pages\/23#wpcf7-f27-o2\" method=\"post\" class=\"wpcf7-form init\" aria-label=\"Formulario de contacto\" novalidate=\"novalidate\" data-status=\"init\">\n<div style=\"display: none;\">\n<input type=\"hidden\" name=\"_wpcf7\" value=\"27\" \/>\n<input type=\"hidden\" name=\"_wpcf7_version\" value=\"5.8.7\" \/>\n<input type=\"hidden\" name=\"_wpcf7_locale\" value=\"es_ES\" \/>\n<input type=\"hidden\" name=\"_wpcf7_unit_tag\" value=\"wpcf7-f27-o2\" \/>\n<input type=\"hidden\" name=\"_wpcf7_container_post\" value=\"0\" \/>\n<input type=\"hidden\" name=\"_wpcf7_posted_data_hash\" value=\"\" \/>\n<input type=\"hidden\" name=\"_wpcf7_recaptcha_response\" value=\"\" \/>\n<\/div>\n<div class=\"row\">\n\t<div class=\"col-xs-12 col-sm-6\">\n\t\t<div class=\"form-group\">\n\t\t\t<p>Name*\n\t\t\t<\/p>\n\t\t\t<p><span class=\"wpcf7-form-control-wrap\" data-name=\"nombre\"><input size=\"40\" class=\"wpcf7-form-control wpcf7-text wpcf7-validates-as-required form-control\" aria-required=\"true\" aria-invalid=\"false\" value=\"\" type=\"text\" name=\"nombre\" \/><\/span>\n\t\t\t<\/p>\n\t\t<\/div>\n\t<\/div>\n\t<div class=\"col-xs-12 col-sm-6\">\n\t\t<div class=\"form-group\">\n\t\t\t<p>Last Name*\n\t\t\t<\/p>\n\t\t\t<p><span class=\"wpcf7-form-control-wrap\" data-name=\"apellido\"><input size=\"40\" class=\"wpcf7-form-control wpcf7-text wpcf7-validates-as-required form-control\" aria-required=\"true\" aria-invalid=\"false\" value=\"\" type=\"text\" name=\"apellido\" \/><\/span>\n\t\t\t<\/p>\n\t\t<\/div>\n\t<\/div>\n\t<div class=\"col-xs-12 col-sm-6\">\n\t\t<div class=\"form-group\">\n\t\t\t<p>Phone*\n\t\t\t<\/p>\n\t\t\t<p><span class=\"wpcf7-form-control-wrap\" data-name=\"telefono\"><input class=\"wpcf7-form-control wpcf7-number wpcf7-validates-as-number form-control\" aria-invalid=\"false\" value=\"\" type=\"number\" name=\"telefono\" \/><\/span>\n\t\t\t<\/p>\n\t\t<\/div>\n\t<\/div>\n\t<div class=\"col-xs-12 col-sm-6\">\n\t\t<div class=\"form-group\">\n\t\t\t<p>Email*\n\t\t\t<\/p>\n\t\t\t<p><span class=\"wpcf7-form-control-wrap\" data-name=\"email\"><input size=\"40\" class=\"wpcf7-form-control wpcf7-email wpcf7-validates-as-required wpcf7-text wpcf7-validates-as-email form-control\" aria-required=\"true\" aria-invalid=\"false\" value=\"\" type=\"email\" name=\"email\" \/><\/span>\n\t\t\t<\/p>\n\t\t<\/div>\n\t<\/div>\n\t<div class=\"col-xs-12\">\n\t\t<div class=\"form-group\">\n\t\t\t<p><span class=\"wpcf7-form-control-wrap\" data-name=\"mensaje\"><textarea cols=\"40\" rows=\"10\" class=\"wpcf7-form-control wpcf7-textarea form-control\" aria-invalid=\"false\" placeholder=\"Message\" name=\"mensaje\"><\/textarea><\/span>\n\t\t\t<\/p>\n\t\t<\/div>\n\t<\/div>\n\t<div class=\"formInfo\">\n\t\t<div class=\"col-xs-6\">\n\t\t\t<p>(*) Required\n\t\t\t<\/p>\n\t\t<\/div>\n\t\t<div class=\"col-xs-6 text-right\">\n\t\t\t<p><i>500 characters maximum<\/i>\n\t\t\t<\/p>\n\t\t<\/div>\n\t<\/div>\n\t<div class=\"col-xs-12 text-right\">\n\t\t<p><input class=\"wpcf7-form-control wpcf7-submit has-spinner btn\" type=\"submit\" value=\"Send\" \/>\n\t\t<\/p>\n\t<\/div>\n<\/div><p style=\"display: none !important;\" class=\"akismet-fields-container\" data-prefix=\"_wpcf7_ak_\"><label>&#916;<textarea name=\"_wpcf7_ak_hp_textarea\" cols=\"45\" rows=\"8\" maxlength=\"100\"><\/textarea><\/label><input type=\"hidden\" id=\"ak_js_2\" name=\"_wpcf7_ak_js\" value=\"166\"\/><script>document.getElementById( \"ak_js_2\" ).setAttribute( \"value\", ( new Date() ).getTime() );<\/script><\/p><div class=\"wpcf7-response-output\" aria-hidden=\"true\"><\/div>\n<\/form>\n<\/div>\n<\/p>","protected":false},"excerpt":{"rendered":"<p>Write to us and we will contact you promptly<\/p>\n","protected":false},"author":1,"featured_media":0,"parent":0,"menu_order":15,"comment_status":"closed","ping_status":"closed","template":"contacto.php","meta":{"footnotes":""},"yoast_head":"<!-- This site is optimized with the Yoast SEO plugin v22.1 - https:\/\/yoast.com\/wordpress\/plugins\/seo\/ -->\n<title>Contacto | Centros de Extensi\u00f3n UC<\/title>\n<meta name=\"description\" content=\"Cont\u00e1ctanos para encontrar el espacio ideal para tu evento en nuestros Centros de Extensi\u00f3n UC. Seminarios, convenciones, congresos, matrimonios y m\u00e1s.\" \/>\n<meta name=\"robots\" content=\"index, nofollow, max-snippet:-1, max-image-preview:large, max-video-preview:-1\" \/>\n<link rel=\"canonical\" href=\"https:\/\/centrodeextension.uc.cl\/contacto\/\" \/>\n<meta property=\"og:locale\" content=\"en_US\" \/>\n<meta property=\"og:type\" content=\"article\" \/>\n<meta property=\"og:title\" content=\"Contacto | Centros de Extensi\u00f3n UC\" \/>\n<meta property=\"og:description\" content=\"Cont\u00e1ctanos para encontrar el espacio ideal para tu evento en nuestros Centros de Extensi\u00f3n UC. Seminarios, convenciones, congresos, matrimonios y m\u00e1s.\" \/>\n<meta property=\"og:url\" content=\"https:\/\/centrodeextension.uc.cl\/contacto\/\" \/>\n<meta property=\"og:site_name\" content=\"Centros de Extensi\u00f3n UC, un espacio para cada encuentro\" \/>\n<meta property=\"article:publisher\" content=\"https:\/\/www.facebook.com\/centrodeextensionuc\/\" \/>\n<meta property=\"article:modified_time\" content=\"2023-01-18T18:53:49+00:00\" \/>\n<meta name=\"twitter:card\" content=\"summary_large_image\" \/>\n<meta name=\"twitter:label1\" content=\"Est. reading time\" \/>\n\t<meta name=\"twitter:data1\" content=\"1 minute\" \/>\n<script type=\"application\/ld+json\" class=\"yoast-schema-graph\">{\"@context\":\"https:\/\/schema.org\",\"@graph\":[{\"@type\":\"WebPage\",\"@id\":\"https:\/\/centrodeextension.uc.cl\/contacto\/\",\"url\":\"https:\/\/centrodeextension.uc.cl\/contacto\/\",\"name\":\"Contacto | Centros de Extensi\u00f3n UC\",\"isPartOf\":{\"@id\":\"https:\/\/centrodeextension.uc.cl\/#website\"},\"datePublished\":\"2017-05-25T19:24:07+00:00\",\"dateModified\":\"2023-01-18T18:53:49+00:00\",\"description\":\"Cont\u00e1ctanos para encontrar el espacio ideal para tu evento en nuestros Centros de Extensi\u00f3n UC. Seminarios, convenciones, congresos, matrimonios y m\u00e1s.\",\"breadcrumb\":{\"@id\":\"https:\/\/centrodeextension.uc.cl\/contacto\/#breadcrumb\"},\"inLanguage\":\"en-US\",\"potentialAction\":[{\"@type\":\"ReadAction\",\"target\":[\"https:\/\/centrodeextension.uc.cl\/contacto\/\"]}]},{\"@type\":\"BreadcrumbList\",\"@id\":\"https:\/\/centrodeextension.uc.cl\/contacto\/#breadcrumb\",\"itemListElement\":[{\"@type\":\"ListItem\",\"position\":1,\"name\":\"Portada\",\"item\":\"https:\/\/centrodeextension.uc.cl\/\"},{\"@type\":\"ListItem\",\"position\":2,\"name\":\"Contacto Centros de Extensi\u00f3n UC\"}]},{\"@type\":\"WebSite\",\"@id\":\"https:\/\/centrodeextension.uc.cl\/#website\",\"url\":\"https:\/\/centrodeextension.uc.cl\/\",\"name\":\"Centros de Extensi\u00f3n UC, un espacio para cada encuentro\",\"description\":\"\",\"publisher\":{\"@id\":\"https:\/\/centrodeextension.uc.cl\/#organization\"},\"alternateName\":\"Centros de Extensi\u00f3n UC\",\"potentialAction\":[{\"@type\":\"SearchAction\",\"target\":{\"@type\":\"EntryPoint\",\"urlTemplate\":\"https:\/\/centrodeextension.uc.cl\/?s={search_term_string}\"},\"query-input\":\"required name=search_term_string\"}],\"inLanguage\":\"en-US\"},{\"@type\":\"Organization\",\"@id\":\"https:\/\/centrodeextension.uc.cl\/#organization\",\"name\":\"Pontificia Universidad Cat\u00f3lica de Chile\",\"url\":\"https:\/\/centrodeextension.uc.cl\/\",\"logo\":{\"@type\":\"ImageObject\",\"inLanguage\":\"en-US\",\"@id\":\"https:\/\/centrodeextension.uc.cl\/#\/schema\/logo\/image\/\",\"url\":\"https:\/\/centrodeextension.uc.cl\/wp-content\/uploads\/2023\/01\/logo_UC.jpg\",\"contentUrl\":\"https:\/\/centrodeextension.uc.cl\/wp-content\/uploads\/2023\/01\/logo_UC.jpg\",\"width\":390,\"height\":204,\"caption\":\"Pontificia Universidad Cat\u00f3lica de Chile\"},\"image\":{\"@id\":\"https:\/\/centrodeextension.uc.cl\/#\/schema\/logo\/image\/\"},\"sameAs\":[\"https:\/\/www.facebook.com\/centrodeextensionuc\/\"]}]}<\/script>\n<!-- \/ Yoast SEO plugin. -->","yoast_head_json":{"title":"Contacto | Centros de Extensi\u00f3n UC","description":"Cont\u00e1ctanos para encontrar el espacio ideal para tu evento en nuestros Centros de Extensi\u00f3n UC. Seminarios, convenciones, congresos, matrimonios y m\u00e1s.","robots":{"index":"index","follow":"nofollow","max-snippet":"max-snippet:-1","max-image-preview":"max-image-preview:large","max-video-preview":"max-video-preview:-1"},"canonical":"https:\/\/centrodeextension.uc.cl\/contacto\/","og_locale":"en_US","og_type":"article","og_title":"Contacto | Centros de Extensi\u00f3n UC","og_description":"Cont\u00e1ctanos para encontrar el espacio ideal para tu evento en nuestros Centros de Extensi\u00f3n UC. Seminarios, convenciones, congresos, matrimonios y m\u00e1s.","og_url":"https:\/\/centrodeextension.uc.cl\/contacto\/","og_site_name":"Centros de Extensi\u00f3n UC, un espacio para cada encuentro","article_publisher":"https:\/\/www.facebook.com\/centrodeextensionuc\/","article_modified_time":"2023-01-18T18:53:49+00:00","twitter_card":"summary_large_image","twitter_misc":{"Est. reading time":"1 minute"},"schema":{"@context":"https:\/\/schema.org","@graph":[{"@type":"WebPage","@id":"https:\/\/centrodeextension.uc.cl\/contacto\/","url":"https:\/\/centrodeextension.uc.cl\/contacto\/","name":"Contacto | Centros de Extensi\u00f3n UC","isPartOf":{"@id":"https:\/\/centrodeextension.uc.cl\/#website"},"datePublished":"2017-05-25T19:24:07+00:00","dateModified":"2023-01-18T18:53:49+00:00","description":"Cont\u00e1ctanos para encontrar el espacio ideal para tu evento en nuestros Centros de Extensi\u00f3n UC. Seminarios, convenciones, congresos, matrimonios y m\u00e1s.","breadcrumb":{"@id":"https:\/\/centrodeextension.uc.cl\/contacto\/#breadcrumb"},"inLanguage":"en-US","potentialAction":[{"@type":"ReadAction","target":["https:\/\/centrodeextension.uc.cl\/contacto\/"]}]},{"@type":"BreadcrumbList","@id":"https:\/\/centrodeextension.uc.cl\/contacto\/#breadcrumb","itemListElement":[{"@type":"ListItem","position":1,"name":"Portada","item":"https:\/\/centrodeextension.uc.cl\/"},{"@type":"ListItem","position":2,"name":"Contacto Centros de Extensi\u00f3n UC"}]},{"@type":"WebSite","@id":"https:\/\/centrodeextension.uc.cl\/#website","url":"https:\/\/centrodeextension.uc.cl\/","name":"Centros de Extensi\u00f3n UC, un espacio para cada encuentro","description":"","publisher":{"@id":"https:\/\/centrodeextension.uc.cl\/#organization"},"alternateName":"Centros de Extensi\u00f3n UC","potentialAction":[{"@type":"SearchAction","target":{"@type":"EntryPoint","urlTemplate":"https:\/\/centrodeextension.uc.cl\/?s={search_term_string}"},"query-input":"required name=search_term_string"}],"inLanguage":"en-US"},{"@type":"Organization","@id":"https:\/\/centrodeextension.uc.cl\/#organization","name":"Pontificia Universidad Cat\u00f3lica de Chile","url":"https:\/\/centrodeextension.uc.cl\/","logo":{"@type":"ImageObject","inLanguage":"en-US","@id":"https:\/\/centrodeextension.uc.cl\/#\/schema\/logo\/image\/","url":"https:\/\/centrodeextension.uc.cl\/wp-content\/uploads\/2023\/01\/logo_UC.jpg","contentUrl":"https:\/\/centrodeextension.uc.cl\/wp-content\/uploads\/2023\/01\/logo_UC.jpg","width":390,"height":204,"caption":"Pontificia Universidad Cat\u00f3lica de Chile"},"image":{"@id":"https:\/\/centrodeextension.uc.cl\/#\/schema\/logo\/image\/"},"sameAs":["https:\/\/www.facebook.com\/centrodeextensionuc\/"]}]}},"_links":{"self":[{"href":"https:\/\/centrodeextension.uc.cl\/en\/wp-json\/wp\/v2\/pages\/23"}],"collection":[{"href":"https:\/\/centrodeextension.uc.cl\/en\/wp-json\/wp\/v2\/pages"}],"about":[{"href":"https:\/\/centrodeextension.uc.cl\/en\/wp-json\/wp\/v2\/types\/page"}],"author":[{"embeddable":true,"href":"https:\/\/centrodeextension.uc.cl\/en\/wp-json\/wp\/v2\/users\/1"}],"replies":[{"embeddable":true,"href":"https:\/\/centrodeextension.uc.cl\/en\/wp-json\/wp\/v2\/comments?post=23"}],"version-history":[{"count":7,"href":"https:\/\/centrodeextension.uc.cl\/en\/wp-json\/wp\/v2\/pages\/23\/revisions"}],"predecessor-version":[{"id":573,"href":"https:\/\/centrodeextension.uc.cl\/en\/wp-json\/wp\/v2\/pages\/23\/revisions\/573"}],"wp:attachment":[{"href":"https:\/\/centrodeextension.uc.cl\/en\/wp-json\/wp\/v2\/media?parent=23"}],"curies":[{"name":"wp","href":"https:\/\/api.w.org\/{rel}","templated":true}]}}