{"id":2,"date":"2017-05-09T14:14:17","date_gmt":"2017-05-09T14:14:17","guid":{"rendered":"http:\/\/centrodeextension.uc.cl\/?page_id=2"},"modified":"2023-01-11T16:10:54","modified_gmt":"2023-01-11T20:10:54","slug":"inicio","status":"publish","type":"page","link":"https:\/\/centrodeextension.uc.cl\/en\/","title":{"rendered":"Home"},"content":{"rendered":"<p class=\"qtranxs-available-languages-message qtranxs-available-languages-message-en\">Sorry, this entry is only available in <a href=\"https:\/\/centrodeextension.uc.cl\/es\/wp-json\/wp\/v2\/pages\/2\" class=\"qtranxs-available-language-link qtranxs-available-language-link-es\" title=\"Espa\u00f1ol\">European Spanish<\/a>. For the sake of viewer convenience, the content is shown below in the alternative language. You may click the link to switch the active language.<\/p><p><\/p>\n<h2><span style=\"font-weight: 400;\">\u00bfPor qu\u00e9 elegirnos?<\/span><\/h2>\n<p><span style=\"font-weight: 400;\">Contamos con diferentes espacios de arriendo con todo lo necesario para eventos, seminarios, congresos, convenciones, matrimonios y mucho m\u00e1s. <\/span><br \/>\n<span style=\"font-weight: 400;\">Como Universidad Cat\u00f3lica, somos un centro de clase mundial con m\u00e1s de 30 a\u00f1os de historia.<\/span><br \/>\n<span style=\"font-weight: 400;\">Nos encargamos de que cada evento sea una experiencia \u00fanica.\u00a0<\/span><\/p>\n<p>&nbsp;<\/p>","protected":false},"excerpt":{"rendered":"<p>Sorry, this entry is only available in European Spanish. For the sake of viewer convenience, the content is shown below in the alternative language. You may click the link to switch the active language. \u00bfPor qu\u00e9 elegirnos? Contamos con diferentes espacios de arriendo con todo lo necesario para eventos, seminarios, congresos, convenciones, matrimonios y mucho [&hellip;]<\/p>\n","protected":false},"author":1,"featured_media":0,"parent":0,"menu_order":1,"comment_status":"closed","ping_status":"closed","template":"home.php","meta":{"footnotes":""},"yoast_head":"<!-- This site is optimized with the Yoast SEO plugin v22.1 - https:\/\/yoast.com\/wordpress\/plugins\/seo\/ -->\n<title>Centros de Extensi\u00f3n UC | Arriendo de Centros de Eventos<\/title>\n<meta name=\"description\" content=\"Descubre nuestros Centros de Extensi\u00f3n para seminarios, congresos, matrimonios y m\u00e1s. Centros de Eventos Alameda, Campus Oriente y Pirque.\" \/>\n<meta name=\"robots\" content=\"index, follow, max-snippet:-1, max-image-preview:large, max-video-preview:-1\" \/>\n<link rel=\"canonical\" href=\"https:\/\/centrodeextension.uc.cl\/\" \/>\n<meta property=\"og:locale\" content=\"en_US\" \/>\n<meta property=\"og:type\" content=\"article\" \/>\n<meta property=\"og:title\" content=\"Centros de Extensi\u00f3n UC | Arriendo de Centros de Eventos\" \/>\n<meta property=\"og:description\" content=\"Descubre nuestros Centros de Extensi\u00f3n para seminarios, congresos, matrimonios y m\u00e1s. Centros de Eventos Alameda, Campus Oriente y Pirque.\" \/>\n<meta property=\"og:url\" content=\"https:\/\/centrodeextension.uc.cl\/\" \/>\n<meta property=\"og:site_name\" content=\"Centros de Extensi\u00f3n UC, un espacio para cada encuentro\" \/>\n<meta property=\"article:publisher\" content=\"https:\/\/www.facebook.com\/centrodeextensionuc\/\" \/>\n<meta property=\"article:modified_time\" content=\"2023-01-11T20:10:54+00:00\" \/>\n<meta name=\"twitter:card\" content=\"summary_large_image\" \/>\n<meta name=\"twitter:label1\" content=\"Est. reading time\" \/>\n\t<meta name=\"twitter:data1\" content=\"1 minute\" \/>\n<script type=\"application\/ld+json\" class=\"yoast-schema-graph\">{\"@context\":\"https:\/\/schema.org\",\"@graph\":[{\"@type\":\"WebPage\",\"@id\":\"https:\/\/centrodeextension.uc.cl\/\",\"url\":\"https:\/\/centrodeextension.uc.cl\/\",\"name\":\"Centros de Extensi\u00f3n UC | Arriendo de Centros de Eventos\",\"isPartOf\":{\"@id\":\"https:\/\/centrodeextension.uc.cl\/#website\"},\"datePublished\":\"2017-05-09T14:14:17+00:00\",\"dateModified\":\"2023-01-11T20:10:54+00:00\",\"description\":\"Descubre nuestros Centros de Extensi\u00f3n para seminarios, congresos, matrimonios y m\u00e1s. Centros de Eventos Alameda, Campus Oriente y Pirque.\",\"breadcrumb\":{\"@id\":\"https:\/\/centrodeextension.uc.cl\/#breadcrumb\"},\"inLanguage\":\"en-US\",\"potentialAction\":[{\"@type\":\"ReadAction\",\"target\":[\"https:\/\/centrodeextension.uc.cl\/\"]}]},{\"@type\":\"BreadcrumbList\",\"@id\":\"https:\/\/centrodeextension.uc.cl\/#breadcrumb\",\"itemListElement\":[{\"@type\":\"ListItem\",\"position\":1,\"name\":\"Portada\",\"item\":\"https:\/\/centrodeextension.uc.cl\/\"},{\"@type\":\"ListItem\",\"position\":2,\"name\":\"Arriendo Centros\"}]},{\"@type\":\"WebSite\",\"@id\":\"https:\/\/centrodeextension.uc.cl\/#website\",\"url\":\"https:\/\/centrodeextension.uc.cl\/\",\"name\":\"Centros de Extensi\u00f3n UC, un espacio para cada encuentro\",\"description\":\"\",\"publisher\":{\"@id\":\"https:\/\/centrodeextension.uc.cl\/#organization\"},\"alternateName\":\"Centros de Extensi\u00f3n UC\",\"potentialAction\":[{\"@type\":\"SearchAction\",\"target\":{\"@type\":\"EntryPoint\",\"urlTemplate\":\"https:\/\/centrodeextension.uc.cl\/?s={search_term_string}\"},\"query-input\":\"required name=search_term_string\"}],\"inLanguage\":\"en-US\"},{\"@type\":\"Organization\",\"@id\":\"https:\/\/centrodeextension.uc.cl\/#organization\",\"name\":\"Pontificia Universidad Cat\u00f3lica de Chile\",\"url\":\"https:\/\/centrodeextension.uc.cl\/\",\"logo\":{\"@type\":\"ImageObject\",\"inLanguage\":\"en-US\",\"@id\":\"https:\/\/centrodeextension.uc.cl\/#\/schema\/logo\/image\/\",\"url\":\"https:\/\/centrodeextension.uc.cl\/wp-content\/uploads\/2023\/01\/logo_UC.jpg\",\"contentUrl\":\"https:\/\/centrodeextension.uc.cl\/wp-content\/uploads\/2023\/01\/logo_UC.jpg\",\"width\":390,\"height\":204,\"caption\":\"Pontificia Universidad Cat\u00f3lica de Chile\"},\"image\":{\"@id\":\"https:\/\/centrodeextension.uc.cl\/#\/schema\/logo\/image\/\"},\"sameAs\":[\"https:\/\/www.facebook.com\/centrodeextensionuc\/\"]}]}<\/script>\n<!-- \/ Yoast SEO plugin. -->","yoast_head_json":{"title":"Centros de Extensi\u00f3n UC | Arriendo de Centros de Eventos","description":"Descubre nuestros Centros de Extensi\u00f3n para seminarios, congresos, matrimonios y m\u00e1s. Centros de Eventos Alameda, Campus Oriente y Pirque.","robots":{"index":"index","follow":"follow","max-snippet":"max-snippet:-1","max-image-preview":"max-image-preview:large","max-video-preview":"max-video-preview:-1"},"canonical":"https:\/\/centrodeextension.uc.cl\/","og_locale":"en_US","og_type":"article","og_title":"Centros de Extensi\u00f3n UC | Arriendo de Centros de Eventos","og_description":"Descubre nuestros Centros de Extensi\u00f3n para seminarios, congresos, matrimonios y m\u00e1s. Centros de Eventos Alameda, Campus Oriente y Pirque.","og_url":"https:\/\/centrodeextension.uc.cl\/","og_site_name":"Centros de Extensi\u00f3n UC, un espacio para cada encuentro","article_publisher":"https:\/\/www.facebook.com\/centrodeextensionuc\/","article_modified_time":"2023-01-11T20:10:54+00:00","twitter_card":"summary_large_image","twitter_misc":{"Est. reading time":"1 minute"},"schema":{"@context":"https:\/\/schema.org","@graph":[{"@type":"WebPage","@id":"https:\/\/centrodeextension.uc.cl\/","url":"https:\/\/centrodeextension.uc.cl\/","name":"Centros de Extensi\u00f3n UC | Arriendo de Centros de Eventos","isPartOf":{"@id":"https:\/\/centrodeextension.uc.cl\/#website"},"datePublished":"2017-05-09T14:14:17+00:00","dateModified":"2023-01-11T20:10:54+00:00","description":"Descubre nuestros Centros de Extensi\u00f3n para seminarios, congresos, matrimonios y m\u00e1s. Centros de Eventos Alameda, Campus Oriente y Pirque.","breadcrumb":{"@id":"https:\/\/centrodeextension.uc.cl\/#breadcrumb"},"inLanguage":"en-US","potentialAction":[{"@type":"ReadAction","target":["https:\/\/centrodeextension.uc.cl\/"]}]},{"@type":"BreadcrumbList","@id":"https:\/\/centrodeextension.uc.cl\/#breadcrumb","itemListElement":[{"@type":"ListItem","position":1,"name":"Portada","item":"https:\/\/centrodeextension.uc.cl\/"},{"@type":"ListItem","position":2,"name":"Arriendo Centros"}]},{"@type":"WebSite","@id":"https:\/\/centrodeextension.uc.cl\/#website","url":"https:\/\/centrodeextension.uc.cl\/","name":"Centros de Extensi\u00f3n UC, un espacio para cada encuentro","description":"","publisher":{"@id":"https:\/\/centrodeextension.uc.cl\/#organization"},"alternateName":"Centros de Extensi\u00f3n UC","potentialAction":[{"@type":"SearchAction","target":{"@type":"EntryPoint","urlTemplate":"https:\/\/centrodeextension.uc.cl\/?s={search_term_string}"},"query-input":"required name=search_term_string"}],"inLanguage":"en-US"},{"@type":"Organization","@id":"https:\/\/centrodeextension.uc.cl\/#organization","name":"Pontificia Universidad Cat\u00f3lica de Chile","url":"https:\/\/centrodeextension.uc.cl\/","logo":{"@type":"ImageObject","inLanguage":"en-US","@id":"https:\/\/centrodeextension.uc.cl\/#\/schema\/logo\/image\/","url":"https:\/\/centrodeextension.uc.cl\/wp-content\/uploads\/2023\/01\/logo_UC.jpg","contentUrl":"https:\/\/centrodeextension.uc.cl\/wp-content\/uploads\/2023\/01\/logo_UC.jpg","width":390,"height":204,"caption":"Pontificia Universidad Cat\u00f3lica de Chile"},"image":{"@id":"https:\/\/centrodeextension.uc.cl\/#\/schema\/logo\/image\/"},"sameAs":["https:\/\/www.facebook.com\/centrodeextensionuc\/"]}]}},"_links":{"self":[{"href":"https:\/\/centrodeextension.uc.cl\/en\/wp-json\/wp\/v2\/pages\/2"}],"collection":[{"href":"https:\/\/centrodeextension.uc.cl\/en\/wp-json\/wp\/v2\/pages"}],"about":[{"href":"https:\/\/centrodeextension.uc.cl\/en\/wp-json\/wp\/v2\/types\/page"}],"author":[{"embeddable":true,"href":"https:\/\/centrodeextension.uc.cl\/en\/wp-json\/wp\/v2\/users\/1"}],"replies":[{"embeddable":true,"href":"https:\/\/centrodeextension.uc.cl\/en\/wp-json\/wp\/v2\/comments?post=2"}],"version-history":[{"count":4,"href":"https:\/\/centrodeextension.uc.cl\/en\/wp-json\/wp\/v2\/pages\/2\/revisions"}],"predecessor-version":[{"id":1509,"href":"https:\/\/centrodeextension.uc.cl\/en\/wp-json\/wp\/v2\/pages\/2\/revisions\/1509"}],"wp:attachment":[{"href":"https:\/\/centrodeextension.uc.cl\/en\/wp-json\/wp\/v2\/media?parent=2"}],"curies":[{"name":"wp","href":"https:\/\/api.w.org\/{rel}","templated":true}]}}