{"id":13,"date":"2017-05-25T19:20:38","date_gmt":"2017-05-25T19:20:38","guid":{"rendered":"http:\/\/centrodeextension.uc.cl\/?page_id=13"},"modified":"2022-11-14T15:06:53","modified_gmt":"2022-11-14T19:06:53","slug":"clientes","status":"publish","type":"page","link":"https:\/\/centrodeextension.uc.cl\/en\/clientes\/","title":{"rendered":"Clients"},"content":{"rendered":"","protected":false},"excerpt":{"rendered":"","protected":false},"author":1,"featured_media":0,"parent":0,"menu_order":13,"comment_status":"closed","ping_status":"closed","template":"","meta":{"footnotes":""},"yoast_head":"<!-- This site is optimized with the Yoast SEO plugin v22.1 - https:\/\/yoast.com\/wordpress\/plugins\/seo\/ -->\n<title>Nuestros Clientes | Centros de Extensi\u00f3n UC<\/title>\n<meta name=\"description\" content=\"Conoce los clientes que confiaron en nuestros Centros de Extensi\u00f3n para organizar eventos, congresos, capacitaciones, seminarios, matrimonios y m\u00e1s.\" \/>\n<meta name=\"robots\" content=\"index, follow, max-snippet:-1, max-image-preview:large, max-video-preview:-1\" \/>\n<link rel=\"canonical\" href=\"https:\/\/centrodeextension.uc.cl\/clientes\/\" \/>\n<meta property=\"og:locale\" content=\"en_US\" \/>\n<meta property=\"og:type\" content=\"article\" \/>\n<meta property=\"og:title\" content=\"Nuestros Clientes | Centros de Extensi\u00f3n UC\" \/>\n<meta property=\"og:description\" content=\"Conoce los clientes que confiaron en nuestros Centros de Extensi\u00f3n para organizar eventos, congresos, capacitaciones, seminarios, matrimonios y m\u00e1s.\" \/>\n<meta property=\"og:url\" content=\"https:\/\/centrodeextension.uc.cl\/clientes\/\" \/>\n<meta property=\"og:site_name\" content=\"Centros de Extensi\u00f3n UC, un espacio para cada encuentro\" \/>\n<meta property=\"article:publisher\" content=\"https:\/\/www.facebook.com\/centrodeextensionuc\/\" \/>\n<meta property=\"article:modified_time\" content=\"2022-11-14T19:06:53+00:00\" \/>\n<meta name=\"twitter:card\" content=\"summary_large_image\" \/>\n<script type=\"application\/ld+json\" class=\"yoast-schema-graph\">{\"@context\":\"https:\/\/schema.org\",\"@graph\":[{\"@type\":\"WebPage\",\"@id\":\"https:\/\/centrodeextension.uc.cl\/clientes\/\",\"url\":\"https:\/\/centrodeextension.uc.cl\/clientes\/\",\"name\":\"Nuestros Clientes | Centros de Extensi\u00f3n UC\",\"isPartOf\":{\"@id\":\"https:\/\/centrodeextension.uc.cl\/#website\"},\"datePublished\":\"2017-05-25T19:20:38+00:00\",\"dateModified\":\"2022-11-14T19:06:53+00:00\",\"description\":\"Conoce los clientes que confiaron en nuestros Centros de Extensi\u00f3n para organizar eventos, congresos, capacitaciones, seminarios, matrimonios y m\u00e1s.\",\"breadcrumb\":{\"@id\":\"https:\/\/centrodeextension.uc.cl\/clientes\/#breadcrumb\"},\"inLanguage\":\"en-US\",\"potentialAction\":[{\"@type\":\"ReadAction\",\"target\":[\"https:\/\/centrodeextension.uc.cl\/clientes\/\"]}]},{\"@type\":\"BreadcrumbList\",\"@id\":\"https:\/\/centrodeextension.uc.cl\/clientes\/#breadcrumb\",\"itemListElement\":[{\"@type\":\"ListItem\",\"position\":1,\"name\":\"Portada\",\"item\":\"https:\/\/centrodeextension.uc.cl\/\"},{\"@type\":\"ListItem\",\"position\":2,\"name\":\"Nuestros Clientes\"}]},{\"@type\":\"WebSite\",\"@id\":\"https:\/\/centrodeextension.uc.cl\/#website\",\"url\":\"https:\/\/centrodeextension.uc.cl\/\",\"name\":\"Centros de Extensi\u00f3n UC, un espacio para cada encuentro\",\"description\":\"\",\"publisher\":{\"@id\":\"https:\/\/centrodeextension.uc.cl\/#organization\"},\"alternateName\":\"Centros de Extensi\u00f3n UC\",\"potentialAction\":[{\"@type\":\"SearchAction\",\"target\":{\"@type\":\"EntryPoint\",\"urlTemplate\":\"https:\/\/centrodeextension.uc.cl\/?s={search_term_string}\"},\"query-input\":\"required name=search_term_string\"}],\"inLanguage\":\"en-US\"},{\"@type\":\"Organization\",\"@id\":\"https:\/\/centrodeextension.uc.cl\/#organization\",\"name\":\"Pontificia Universidad Cat\u00f3lica de Chile\",\"url\":\"https:\/\/centrodeextension.uc.cl\/\",\"logo\":{\"@type\":\"ImageObject\",\"inLanguage\":\"en-US\",\"@id\":\"https:\/\/centrodeextension.uc.cl\/#\/schema\/logo\/image\/\",\"url\":\"https:\/\/centrodeextension.uc.cl\/wp-content\/uploads\/2023\/01\/logo_UC.jpg\",\"contentUrl\":\"https:\/\/centrodeextension.uc.cl\/wp-content\/uploads\/2023\/01\/logo_UC.jpg\",\"width\":390,\"height\":204,\"caption\":\"Pontificia Universidad Cat\u00f3lica de Chile\"},\"image\":{\"@id\":\"https:\/\/centrodeextension.uc.cl\/#\/schema\/logo\/image\/\"},\"sameAs\":[\"https:\/\/www.facebook.com\/centrodeextensionuc\/\"]}]}<\/script>\n<!-- \/ Yoast SEO plugin. -->","yoast_head_json":{"title":"Nuestros Clientes | Centros de Extensi\u00f3n UC","description":"Conoce los clientes que confiaron en nuestros Centros de Extensi\u00f3n para organizar eventos, congresos, capacitaciones, seminarios, matrimonios y m\u00e1s.","robots":{"index":"index","follow":"follow","max-snippet":"max-snippet:-1","max-image-preview":"max-image-preview:large","max-video-preview":"max-video-preview:-1"},"canonical":"https:\/\/centrodeextension.uc.cl\/clientes\/","og_locale":"en_US","og_type":"article","og_title":"Nuestros Clientes | Centros de Extensi\u00f3n UC","og_description":"Conoce los clientes que confiaron en nuestros Centros de Extensi\u00f3n para organizar eventos, congresos, capacitaciones, seminarios, matrimonios y m\u00e1s.","og_url":"https:\/\/centrodeextension.uc.cl\/clientes\/","og_site_name":"Centros de Extensi\u00f3n UC, un espacio para cada encuentro","article_publisher":"https:\/\/www.facebook.com\/centrodeextensionuc\/","article_modified_time":"2022-11-14T19:06:53+00:00","twitter_card":"summary_large_image","schema":{"@context":"https:\/\/schema.org","@graph":[{"@type":"WebPage","@id":"https:\/\/centrodeextension.uc.cl\/clientes\/","url":"https:\/\/centrodeextension.uc.cl\/clientes\/","name":"Nuestros Clientes | Centros de Extensi\u00f3n UC","isPartOf":{"@id":"https:\/\/centrodeextension.uc.cl\/#website"},"datePublished":"2017-05-25T19:20:38+00:00","dateModified":"2022-11-14T19:06:53+00:00","description":"Conoce los clientes que confiaron en nuestros Centros de Extensi\u00f3n para organizar eventos, congresos, capacitaciones, seminarios, matrimonios y m\u00e1s.","breadcrumb":{"@id":"https:\/\/centrodeextension.uc.cl\/clientes\/#breadcrumb"},"inLanguage":"en-US","potentialAction":[{"@type":"ReadAction","target":["https:\/\/centrodeextension.uc.cl\/clientes\/"]}]},{"@type":"BreadcrumbList","@id":"https:\/\/centrodeextension.uc.cl\/clientes\/#breadcrumb","itemListElement":[{"@type":"ListItem","position":1,"name":"Portada","item":"https:\/\/centrodeextension.uc.cl\/"},{"@type":"ListItem","position":2,"name":"Nuestros Clientes"}]},{"@type":"WebSite","@id":"https:\/\/centrodeextension.uc.cl\/#website","url":"https:\/\/centrodeextension.uc.cl\/","name":"Centros de Extensi\u00f3n UC, un espacio para cada encuentro","description":"","publisher":{"@id":"https:\/\/centrodeextension.uc.cl\/#organization"},"alternateName":"Centros de Extensi\u00f3n UC","potentialAction":[{"@type":"SearchAction","target":{"@type":"EntryPoint","urlTemplate":"https:\/\/centrodeextension.uc.cl\/?s={search_term_string}"},"query-input":"required name=search_term_string"}],"inLanguage":"en-US"},{"@type":"Organization","@id":"https:\/\/centrodeextension.uc.cl\/#organization","name":"Pontificia Universidad Cat\u00f3lica de Chile","url":"https:\/\/centrodeextension.uc.cl\/","logo":{"@type":"ImageObject","inLanguage":"en-US","@id":"https:\/\/centrodeextension.uc.cl\/#\/schema\/logo\/image\/","url":"https:\/\/centrodeextension.uc.cl\/wp-content\/uploads\/2023\/01\/logo_UC.jpg","contentUrl":"https:\/\/centrodeextension.uc.cl\/wp-content\/uploads\/2023\/01\/logo_UC.jpg","width":390,"height":204,"caption":"Pontificia Universidad Cat\u00f3lica de Chile"},"image":{"@id":"https:\/\/centrodeextension.uc.cl\/#\/schema\/logo\/image\/"},"sameAs":["https:\/\/www.facebook.com\/centrodeextensionuc\/"]}]}},"_links":{"self":[{"href":"https:\/\/centrodeextension.uc.cl\/en\/wp-json\/wp\/v2\/pages\/13"}],"collection":[{"href":"https:\/\/centrodeextension.uc.cl\/en\/wp-json\/wp\/v2\/pages"}],"about":[{"href":"https:\/\/centrodeextension.uc.cl\/en\/wp-json\/wp\/v2\/types\/page"}],"author":[{"embeddable":true,"href":"https:\/\/centrodeextension.uc.cl\/en\/wp-json\/wp\/v2\/users\/1"}],"replies":[{"embeddable":true,"href":"https:\/\/centrodeextension.uc.cl\/en\/wp-json\/wp\/v2\/comments?post=13"}],"version-history":[{"count":8,"href":"https:\/\/centrodeextension.uc.cl\/en\/wp-json\/wp\/v2\/pages\/13\/revisions"}],"predecessor-version":[{"id":1241,"href":"https:\/\/centrodeextension.uc.cl\/en\/wp-json\/wp\/v2\/pages\/13\/revisions\/1241"}],"wp:attachment":[{"href":"https:\/\/centrodeextension.uc.cl\/en\/wp-json\/wp\/v2\/media?parent=13"}],"curies":[{"name":"wp","href":"https:\/\/api.w.org\/{rel}","templated":true}]}}